{"id":104859,"date":"2021-09-06T16:41:42","date_gmt":"2021-09-06T16:41:42","guid":{"rendered":"https:\/\/lqarquitectura.com\/index.php\/about"},"modified":"2021-12-21T01:43:34","modified_gmt":"2021-12-21T01:43:34","slug":"about","status":"publish","type":"page","link":"https:\/\/lqarquitectura.com\/ca\/index.php\/about","title":{"rendered":"About"},"content":{"rendered":"<p>[vc_row row_height_percent=&#8221;0&#8243; override_padding=&#8221;yes&#8221; h_padding=&#8221;0&#8243; top_padding=&#8221;0&#8243; bottom_padding=&#8221;6&#8243; overlay_alpha=&#8221;50&#8243; gutter_size=&#8221;4&#8243; column_width_percent=&#8221;100&#8243; shift_y=&#8221;0&#8243; z_index=&#8221;0&#8243; enable_top_divider=&#8221;default&#8221; top_divider_inv=&#8221;step_2_3&#8243; shape_top_invert=&#8221;yes&#8221; shape_top_h_use_pixel=&#8221;true&#8221; shape_top_height_percent=&#8221;66&#8243; shape_top_color=&#8221;color-lxmt&#8221; shape_top_opacity=&#8221;100&#8243; shape_top_index=&#8221;0&#8243; uncode_shortcode_id=&#8221;130332&#8243; css=&#8221;.vc_custom_1637225756623{padding-right: 10% !important;padding-left: 10% !important;}&#8221; shape_top_color_type=&#8221;uncode-palette&#8221;][vc_column column_width_percent=&#8221;86&#8243; gutter_size=&#8221;0&#8243; overlay_alpha=&#8221;50&#8243; shift_x=&#8221;0&#8243; shift_y=&#8221;0&#8243; shift_y_down=&#8221;0&#8243; z_index=&#8221;0&#8243; medium_width=&#8221;0&#8243; mobile_width=&#8221;0&#8243; width=&#8221;1\/1&#8243; uncode_shortcode_id=&#8221;458052&#8243;][vc_custom_heading text_color=&#8221;accent&#8221; text_size=&#8221;fontsize-130525&#8243; text_weight=&#8221;400&#8243; text_height=&#8221;fontheight-479835&#8243; css_animation=&#8221;curtain-words&#8221; animation_speed=&#8221;800&#8243; uncode_shortcode_id=&#8221;990145&#8243; text_color_type=&#8221;uncode-palette&#8221;]<\/p>\n<p class=\"p1\">Treballar de tu a tu amb persones. Con\u00e8ixer-les i trobar el seu espai. Aquest \u00e9s el nostre motor.<\/p>\n<p>[\/vc_custom_heading][\/vc_column][\/vc_row][vc_row unlock_row_content=&#8221;yes&#8221; row_height_percent=&#8221;0&#8243; override_padding=&#8221;yes&#8221; h_padding=&#8221;3&#8243; top_padding=&#8221;5&#8243; bottom_padding=&#8221;5&#8243; overlay_alpha=&#8221;50&#8243; gutter_size=&#8221;4&#8243; column_width_percent=&#8221;100&#8243; shift_y=&#8221;0&#8243; z_index=&#8221;0&#8243; enable_top_divider=&#8221;default&#8221; top_divider=&#8221;step_1_2&#8243; shape_top_h_use_pixel=&#8221;true&#8221; shape_top_height_percent=&#8221;100&#8243; shape_top_color=&#8221;color-lxmt&#8221; shape_top_opacity=&#8221;100&#8243; shape_top_index=&#8221;0&#8243; uncode_shortcode_id=&#8221;770017&#8243; shape_top_color_type=&#8221;uncode-palette&#8221;][vc_column column_width_percent=&#8221;100&#8243; position_vertical=&#8221;middle&#8221; gutter_size=&#8221;3&#8243; overlay_alpha=&#8221;50&#8243; shift_x=&#8221;0&#8243; shift_y=&#8221;0&#8243; shift_y_down=&#8221;0&#8243; z_index=&#8221;0&#8243; medium_width=&#8221;2&#8243; mobile_width=&#8221;0&#8243; parallax_intensity=&#8221;5&#8243; width=&#8221;2\/12&#8243; uncode_shortcode_id=&#8221;131797&#8243;][\/vc_column][vc_column column_width_percent=&#8221;100&#8243; gutter_size=&#8221;3&#8243; style=&#8221;light&#8221; overlay_alpha=&#8221;50&#8243; shift_x=&#8221;0&#8243; shift_y=&#8221;0&#8243; shift_y_down=&#8221;0&#8243; z_index=&#8221;0&#8243; medium_width=&#8221;4&#8243; mobile_width=&#8221;0&#8243; parallax_intensity=&#8221;3&#8243; parallax_centered=&#8221;yes&#8221; width=&#8221;6\/12&#8243; uncode_shortcode_id=&#8221;177495&#8243;][vc_single_image media=&#8221;101579&#8243; media_width_percent=&#8221;100&#8243; media_ratio=&#8221;one-one&#8221; uncode_shortcode_id=&#8221;113675&#8243;][uncode_vertical_text text_align=&#8221;top&#8221; position=&#8221;right&#8221; flip=&#8221;yes&#8221; vertical_text_h_pos=&#8221;2&#8243; vertical_text_v_pos=&#8221;0&#8243; z_index=&#8221;0&#8243; uncode_shortcode_id=&#8221;103141&#8243;]New Office \u2e3b[\/uncode_vertical_text][\/vc_column][vc_column column_width_percent=&#8221;100&#8243; position_vertical=&#8221;middle&#8221; gutter_size=&#8221;3&#8243; overlay_alpha=&#8221;50&#8243; shift_x=&#8221;0&#8243; shift_y=&#8221;0&#8243; shift_y_down=&#8221;0&#8243; z_index=&#8221;0&#8243; medium_width=&#8221;2&#8243; mobile_width=&#8221;0&#8243; parallax_intensity=&#8221;2&#8243; parallax_centered=&#8221;yes&#8221; width=&#8221;4\/12&#8243; uncode_shortcode_id=&#8221;144856&#8243;][vc_single_image media=&#8221;101559&#8243; media_width_percent=&#8221;100&#8243; media_ratio=&#8221;three-two&#8221; uncode_shortcode_id=&#8221;113875&#8243;][\/vc_column][\/vc_row][vc_row row_height_percent=&#8221;0&#8243; override_padding=&#8221;yes&#8221; h_padding=&#8221;2&#8243; top_padding=&#8221;2&#8243; bottom_padding=&#8221;3&#8243; overlay_alpha=&#8221;50&#8243; gutter_size=&#8221;4&#8243; column_width_percent=&#8221;100&#8243; shift_y=&#8221;0&#8243; z_index=&#8221;0&#8243; uncode_shortcode_id=&#8221;207819&#8243;][vc_column column_width_percent=&#8221;100&#8243; gutter_size=&#8221;3&#8243; overlay_alpha=&#8221;50&#8243; shift_x=&#8221;0&#8243; shift_y=&#8221;0&#8243; shift_y_down=&#8221;0&#8243; z_index=&#8221;0&#8243; medium_visibility=&#8221;yes&#8221; medium_width=&#8221;0&#8243; mobile_visibility=&#8221;yes&#8221; mobile_width=&#8221;0&#8243; width=&#8221;3\/12&#8243; uncode_shortcode_id=&#8221;811114&#8243;][\/vc_column][vc_column column_width_percent=&#8221;100&#8243; gutter_size=&#8221;3&#8243; font_family=&#8221;font-175345&#8243; overlay_alpha=&#8221;50&#8243; shift_x=&#8221;0&#8243; shift_y=&#8221;0&#8243; shift_y_down=&#8221;0&#8243; z_index=&#8221;0&#8243; medium_width=&#8221;0&#8243; mobile_width=&#8221;0&#8243; width=&#8221;6\/12&#8243; uncode_shortcode_id=&#8221;151687&#8243;][vc_custom_heading text_color=&#8221;color-jevc&#8221; text_size=&#8221;h3&#8243; text_height=&#8221;fontheight-479835&#8243; uncode_shortcode_id=&#8221;111040&#8243; text_color_type=&#8221;uncode-palette&#8221;]La nostra hist\u00f2ria[\/vc_custom_heading][vc_column_text uncode_shortcode_id=&#8221;487158&#8243;]<\/p>\n<p class=\"p1\">LQ ARQUITECTURA neix d&#8217;una relaci\u00f3 laboral de fa 6 anys entre els arquitectes Luis Quesada Salcedo i Anna Fern\u00e1ndez Abell\u00f3, formant part de l&#8217;anterior estudi a Eivissa, MIXISARQUITECTOS, del qual el primer va ser soci cofundador. Des d&#8217;aquesta plataforma han exercit la seva professi\u00f3 compartint els seus valors d&#8217;honestedat i sensibilitat per l&#8217;arquitectura. Aquests valors, al costat de molts altres, els han unit per a compartir una nova etapa de la m\u00e0 d&#8217;un equip de col\u00b7laboradors multidisciplinari, que ens permet continuar el desenvolupament de la nostra professi\u00f3 amb la serenitat i l&#8217;equilibri adquirits en aquests \u00faltims anys, buscant una arquitectura m\u00e9s sostenible i d&#8217;acord amb les necessitats dels nostres clients, amb els quals desenvolupem una empatia que ens permet comprendre&#8217;ls.<\/p>\n<p>[\/vc_column_text][\/vc_column][vc_column column_width_percent=&#8221;100&#8243; gutter_size=&#8221;3&#8243; overlay_alpha=&#8221;50&#8243; shift_x=&#8221;0&#8243; shift_y=&#8221;0&#8243; shift_y_down=&#8221;0&#8243; z_index=&#8221;0&#8243; medium_visibility=&#8221;yes&#8221; medium_width=&#8221;0&#8243; mobile_visibility=&#8221;yes&#8221; mobile_width=&#8221;0&#8243; width=&#8221;3\/12&#8243; uncode_shortcode_id=&#8221;151921&#8243;][\/vc_column][\/vc_row][vc_row row_height_percent=&#8221;0&#8243; override_padding=&#8221;yes&#8221; h_padding=&#8221;0&#8243; top_padding=&#8221;5&#8243; bottom_padding=&#8221;0&#8243; overlay_alpha=&#8221;50&#8243; gutter_size=&#8221;4&#8243; column_width_percent=&#8221;100&#8243; shift_y=&#8221;0&#8243; z_index=&#8221;0&#8243; enable_top_divider=&#8221;default&#8221; top_divider=&#8221;step_3_4&#8243; shape_top_flip=&#8221;yes&#8221; shape_top_h_use_pixel=&#8221;true&#8221; shape_top_height_percent=&#8221;100&#8243; shape_top_color=&#8221;color-lxmt&#8221; shape_top_opacity=&#8221;100&#8243; shape_top_index=&#8221;0&#8243; uncode_shortcode_id=&#8221;180825&#8243; css=&#8221;.vc_custom_1637108256728{padding-right: 5% !important;padding-left: 10% !important;}&#8221; shape_top_color_type=&#8221;uncode-palette&#8221;][vc_column column_width_percent=&#8221;85&#8243; gutter_size=&#8221;3&#8243; override_padding=&#8221;yes&#8221; column_padding=&#8221;0&#8243; overlay_alpha=&#8221;50&#8243; shift_x=&#8221;0&#8243; shift_y=&#8221;0&#8243; shift_y_down=&#8221;0&#8243; z_index=&#8221;0&#8243; medium_width=&#8221;4&#8243; mobile_width=&#8221;0&#8243; parallax_intensity=&#8221;2&#8243; width=&#8221;7\/12&#8243; uncode_shortcode_id=&#8221;101326&#8243;][vc_custom_heading text_color=&#8221;color-rgdb&#8221; heading_semantic=&#8221;h6&#8243; text_size=&#8221;bigtext&#8221; text_weight=&#8221;300&#8243; text_height=&#8221;fontheight-179065&#8243; css_animation=&#8221;single-slide-opposite&#8221; animation_speed=&#8221;200&#8243; uncode_shortcode_id=&#8221;133146&#8243; text_color_type=&#8221;uncode-palette&#8221;]EIVISSA&amp;BARCELONA[\/vc_custom_heading][\/vc_column][\/vc_row][vc_row row_height_percent=&#8221;0&#8243; override_padding=&#8221;yes&#8221; h_padding=&#8221;4&#8243; top_padding=&#8221;5&#8243; bottom_padding=&#8221;5&#8243; overlay_alpha=&#8221;50&#8243; gutter_size=&#8221;4&#8243; column_width_percent=&#8221;100&#8243; shift_y=&#8221;0&#8243; z_index=&#8221;0&#8243; enable_top_divider=&#8221;default&#8221; top_divider=&#8221;step_3_4&#8243; shape_top_flip=&#8221;yes&#8221; shape_top_h_use_pixel=&#8221;true&#8221; shape_top_height_percent=&#8221;100&#8243; shape_top_color=&#8221;color-lxmt&#8221; shape_top_opacity=&#8221;100&#8243; shape_top_index=&#8221;0&#8243; uncode_shortcode_id=&#8221;685135&#8243; css=&#8221;.vc_custom_1637108265960{padding-right: 5% !important;padding-left: 10% !important;}&#8221; shape_top_color_type=&#8221;uncode-palette&#8221;][vc_column column_width_percent=&#8221;100&#8243; gutter_size=&#8221;3&#8243; overlay_alpha=&#8221;50&#8243; shift_x=&#8221;0&#8243; shift_y=&#8221;0&#8243; shift_y_down=&#8221;0&#8243; z_index=&#8221;0&#8243; medium_width=&#8221;4&#8243; mobile_width=&#8221;0&#8243; parallax_intensity=&#8221;2&#8243; width=&#8221;7\/12&#8243; uncode_shortcode_id=&#8221;127041&#8243;][vc_single_image media=&#8221;101582&#8243; media_width_percent=&#8221;100&#8243; media_ratio=&#8221;one-one&#8221; uncode_shortcode_id=&#8221;448587&#8243;][uncode_vertical_text text_align=&#8221;top&#8221; vertical_text_h_pos=&#8221;-2&#8243; vertical_text_v_pos=&#8221;0&#8243; z_index=&#8221;0&#8243; uncode_shortcode_id=&#8221;273123&#8243;]Luis Quesada \u2e3b[\/uncode_vertical_text][\/vc_column][vc_column column_width_percent=&#8221;100&#8243; position_vertical=&#8221;middle&#8221; gutter_size=&#8221;3&#8243; overlay_alpha=&#8221;50&#8243; shift_x=&#8221;3&#8243; shift_y=&#8221;3&#8243; shift_y_down=&#8221;0&#8243; z_index=&#8221;0&#8243; medium_width=&#8221;4&#8243; mobile_width=&#8221;0&#8243; parallax_intensity=&#8221;5&#8243; width=&#8221;5\/12&#8243; uncode_shortcode_id=&#8221;183962&#8243;][uncode_vertical_text text_align=&#8221;top&#8221; vertical_text_h_pos=&#8221;-2&#8243; vertical_text_v_pos=&#8221;0&#8243; z_index=&#8221;0&#8243; uncode_shortcode_id=&#8221;571181&#8243;]Anna Abell\u00f3 \u2e3b[\/uncode_vertical_text][vc_single_image media=&#8221;101431&#8243; media_width_percent=&#8221;100&#8243; uncode_shortcode_id=&#8221;156024&#8243;][\/vc_column][\/vc_row][vc_row row_height_percent=&#8221;0&#8243; override_padding=&#8221;yes&#8221; h_padding=&#8221;2&#8243; top_padding=&#8221;3&#8243; bottom_padding=&#8221;0&#8243; overlay_alpha=&#8221;50&#8243; gutter_size=&#8221;4&#8243; column_width_percent=&#8221;100&#8243; shift_y=&#8221;0&#8243; z_index=&#8221;0&#8243; uncode_shortcode_id=&#8221;696737&#8243;][vc_column column_width_percent=&#8221;100&#8243; gutter_size=&#8221;3&#8243; overlay_alpha=&#8221;50&#8243; shift_x=&#8221;0&#8243; shift_y=&#8221;0&#8243; shift_y_down=&#8221;0&#8243; z_index=&#8221;0&#8243; medium_visibility=&#8221;yes&#8221; medium_width=&#8221;0&#8243; mobile_visibility=&#8221;yes&#8221; mobile_width=&#8221;0&#8243; width=&#8221;3\/12&#8243; uncode_shortcode_id=&#8221;204704&#8243;][vc_single_image media=&#8221;101617&#8243; media_width_percent=&#8221;30&#8243; alignment=&#8221;right&#8221; uncode_shortcode_id=&#8221;413899&#8243;][\/vc_column][vc_column column_width_percent=&#8221;100&#8243; gutter_size=&#8221;3&#8243; font_family=&#8221;font-175345&#8243; overlay_alpha=&#8221;50&#8243; shift_x=&#8221;0&#8243; shift_y=&#8221;0&#8243; shift_y_down=&#8221;0&#8243; z_index=&#8221;0&#8243; medium_width=&#8221;0&#8243; mobile_width=&#8221;0&#8243; width=&#8221;6\/12&#8243; uncode_shortcode_id=&#8221;101117&#8243;][vc_column_text uncode_shortcode_id=&#8221;842002&#8243;]<\/p>\n<p class=\"p1\">Luis Quesada Salcedo, arquitecte per la ETSAG de Granada, completant la seva formaci\u00f3 en la Universitat de Sevilla i Flor\u00e8ncia. Es trasllada a Eivissa en 2005-2006 i comen\u00e7a a col\u00b7laborar per a un estudi local. Durant 8 anys forma part del Departament de Visat del Col\u00b7legi d&#8217;Arquitectes d&#8217;Eivissa i Formentera, els \u00faltims com a cap de visat, compaginant el c\u00e0rrec amb el desenvolupament independent de la professi\u00f3 fins a fundar en 2010 l&#8217;oficina d&#8217;Arquitectura MIXISARQUITECTOS al costat de David Calvo *Cubero. En 2021 comen\u00e7a una nova i emocionant etapa en col\u00b7laboraci\u00f3 amb Anna Fern\u00e1ndez Abell\u00f3 dins de la plataforma LQARQUITECTURA.<\/p>\n<p>[\/vc_column_text][\/vc_column][vc_column column_width_percent=&#8221;100&#8243; gutter_size=&#8221;3&#8243; overlay_alpha=&#8221;50&#8243; shift_x=&#8221;0&#8243; shift_y=&#8221;0&#8243; shift_y_down=&#8221;0&#8243; z_index=&#8221;0&#8243; medium_visibility=&#8221;yes&#8221; medium_width=&#8221;0&#8243; mobile_visibility=&#8221;yes&#8221; mobile_width=&#8221;0&#8243; width=&#8221;3\/12&#8243; uncode_shortcode_id=&#8221;627550&#8243;][\/vc_column][\/vc_row][vc_row row_height_percent=&#8221;0&#8243; override_padding=&#8221;yes&#8221; h_padding=&#8221;2&#8243; top_padding=&#8221;3&#8243; bottom_padding=&#8221;7&#8243; overlay_alpha=&#8221;50&#8243; gutter_size=&#8221;4&#8243; column_width_percent=&#8221;100&#8243; shift_y=&#8221;0&#8243; z_index=&#8221;0&#8243; top_divider=&#8221;step_1_2&#8243; bottom_divider=&#8221;step_1_2&#8243; uncode_shortcode_id=&#8221;201773&#8243;][vc_column column_width_percent=&#8221;100&#8243; gutter_size=&#8221;0&#8243; overlay_alpha=&#8221;50&#8243; shift_x=&#8221;0&#8243; shift_y=&#8221;0&#8243; shift_y_down=&#8221;0&#8243; z_index=&#8221;0&#8243; medium_visibility=&#8221;yes&#8221; medium_width=&#8221;0&#8243; mobile_visibility=&#8221;yes&#8221; mobile_width=&#8221;0&#8243; width=&#8221;3\/12&#8243; uncode_shortcode_id=&#8221;101488&#8243;][vc_single_image media=&#8221;101585&#8243; media_width_percent=&#8221;34&#8243; alignment=&#8221;right&#8221; uncode_shortcode_id=&#8221;983000&#8243;][\/vc_column][vc_column column_width_percent=&#8221;100&#8243; gutter_size=&#8221;3&#8243; font_family=&#8221;font-175345&#8243; overlay_alpha=&#8221;50&#8243; shift_x=&#8221;0&#8243; shift_y=&#8221;0&#8243; shift_y_down=&#8221;0&#8243; z_index=&#8221;0&#8243; medium_width=&#8221;0&#8243; mobile_width=&#8221;0&#8243; width=&#8221;6\/12&#8243; uncode_shortcode_id=&#8221;101117&#8243;][vc_column_text uncode_shortcode_id=&#8221;122052&#8243;]<\/p>\n<p class=\"p1\">Anna Fern\u00e1ndez Abell\u00f3, arquitecta per la ETSAV Universitat Polit\u00e8cnica de Catalunya va completar la seva formaci\u00f3 en la Universitat de Roma La Sapienza i amb la Beca UPC-Santander Iberoam\u00e8rica.<span class=\"Apple-converted-space\">\u00a0<\/span>Des de 2012 treballa entre Barcelona i Eivissa. En 2016 comen\u00e7a a col\u00b7laborar amb Mixis Arquitectes. Actualment porta les regnes dels projectes que comparteix amb LQARQUITECTURA a Barcelona.<\/p>\n<p>[\/vc_column_text][\/vc_column][vc_column column_width_percent=&#8221;100&#8243; gutter_size=&#8221;3&#8243; overlay_alpha=&#8221;50&#8243; shift_x=&#8221;0&#8243; shift_y=&#8221;0&#8243; shift_y_down=&#8221;0&#8243; z_index=&#8221;0&#8243; medium_visibility=&#8221;yes&#8221; medium_width=&#8221;0&#8243; mobile_visibility=&#8221;yes&#8221; mobile_width=&#8221;0&#8243; width=&#8221;3\/12&#8243; uncode_shortcode_id=&#8221;627550&#8243;][\/vc_column][\/vc_row][vc_row row_height_percent=&#8221;0&#8243; overlay_alpha=&#8221;0&#8243; gutter_size=&#8221;3&#8243; column_width_percent=&#8221;100&#8243; shift_y=&#8221;0&#8243; z_index=&#8221;0&#8243; uncode_shortcode_id=&#8221;745793&#8243; css=&#8221;.vc_custom_1637197473470{padding-right: 3% !important;padding-left: 3% !important;}&#8221;][vc_column column_width_use_pixel=&#8221;yes&#8221; position_vertical=&#8221;middle&#8221; align_horizontal=&#8221;align_center&#8221; gutter_size=&#8221;3&#8243; overlay_alpha=&#8221;50&#8243; shift_x=&#8221;0&#8243; shift_y=&#8221;0&#8243; shift_y_down=&#8221;0&#8243; z_index=&#8221;0&#8243; medium_width=&#8221;0&#8243; mobile_width=&#8221;0&#8243; width=&#8221;1\/1&#8243; column_width_pixel=&#8221;760&#8243; uncode_shortcode_id=&#8221;167068&#8243; css=&#8221;.vc_custom_1637058708822{padding-right: 3% !important;padding-left: 3% !important;}&#8221;][uncode_vertical_text element_type=&#8221;social&#8221; fixed=&#8221;yes&#8221; text_align=&#8221;bottom&#8221; vertical_text_h_pos=&#8221;2&#8243; vertical_text_v_pos=&#8221;1&#8243; socials_size=&#8221;lead&#8221; hide_on_bottom=&#8221;yes&#8221; hide_header=&#8221;yes&#8221; uncode_shortcode_id=&#8221;199853&#8243;]Luis Quesada<\/p>\n<p>[\/uncode_vertical_text][uncode_vertical_text fixed=&#8221;yes&#8221; text_align=&#8221;bottom&#8221; position=&#8221;right&#8221; flip=&#8221;yes&#8221; vertical_text_h_pos=&#8221;-2&#8243; vertical_text_v_pos=&#8221;1&#8243; text_size=&#8221;h5&#8243; text_weight=&#8221;600&#8243; text_color=&#8221;accent&#8221; hide_on_bottom=&#8221;yes&#8221; uncode_shortcode_id=&#8221;167173&#8243; text_color_type=&#8221;uncode-palette&#8221;]Arquitectura contempor\u00e0nia[\/uncode_vertical_text][\/vc_column][\/vc_row]<\/p>\n","protected":false},"excerpt":{"rendered":"<p>[vc_row row_height_percent=&#8221;0&#8243; override_padding=&#8221;yes&#8221; h_padding=&#8221;0&#8243; top_padding=&#8221;0&#8243; bottom_padding=&#8221;6&#8243; overlay_alpha=&#8221;50&#8243; gutter_size=&#8221;4&#8243; column_width_percent=&#8221;100&#8243; shift_y=&#8221;0&#8243; z_index=&#8221;0&#8243; enable_top_divider=&#8221;default&#8221; top_divider_inv=&#8221;step_2_3&#8243; shape_top_invert=&#8221;yes&#8221; shape_top_h_use_pixel=&#8221;true&#8221; shape_top_height_percent=&#8221;66&#8243; shape_top_color=&#8221;color-lxmt&#8221; shape_top_opacity=&#8221;100&#8243; shape_top_index=&#8221;0&#8243; uncode_shortcode_id=&#8221;130332&#8243; [&hellip;]<\/p>\n","protected":false},"author":1,"featured_media":0,"parent":0,"menu_order":0,"comment_status":"closed","ping_status":"closed","template":"","meta":[],"yoast_head":"<!-- This site is optimized with the Yoast SEO plugin v17.9 - https:\/\/yoast.com\/wordpress\/plugins\/seo\/ -->\r\n<title>About - Estudio de arquitectura contempor\u00e1nea<\/title>\r\n<meta name=\"robots\" content=\"index, follow, max-snippet:-1, max-image-preview:large, max-video-preview:-1\" \/>\r\n<link rel=\"canonical\" href=\"https:\/\/lqarquitectura.com\/ca\/index.php\/about\" \/>\r\n<meta property=\"og:locale\" content=\"ca_ES\" \/>\r\n<meta property=\"og:type\" content=\"article\" \/>\r\n<meta property=\"og:title\" content=\"About - Estudio de arquitectura contempor\u00e1nea\" \/>\r\n<meta property=\"og:description\" content=\"[vc_row row_height_percent=&#8221;0&#8243; override_padding=&#8221;yes&#8221; h_padding=&#8221;0&#8243; top_padding=&#8221;0&#8243; bottom_padding=&#8221;6&#8243; overlay_alpha=&#8221;50&#8243; gutter_size=&#8221;4&#8243; column_width_percent=&#8221;100&#8243; shift_y=&#8221;0&#8243; z_index=&#8221;0&#8243; enable_top_divider=&#8221;default&#8221; top_divider_inv=&#8221;step_2_3&#8243; shape_top_invert=&#8221;yes&#8221; shape_top_h_use_pixel=&#8221;true&#8221; shape_top_height_percent=&#8221;66&#8243; shape_top_color=&#8221;color-lxmt&#8221; shape_top_opacity=&#8221;100&#8243; shape_top_index=&#8221;0&#8243; uncode_shortcode_id=&#8221;130332&#8243; [&hellip;]\" \/>\r\n<meta property=\"og:url\" content=\"https:\/\/lqarquitectura.com\/ca\/index.php\/about\" \/>\r\n<meta property=\"og:site_name\" content=\"Estudio de arquitectura contempor\u00e1nea\" \/>\r\n<meta property=\"article:modified_time\" content=\"2021-12-21T01:43:34+00:00\" \/>\r\n<meta name=\"twitter:card\" content=\"summary_large_image\" \/>\r\n<meta name=\"twitter:label1\" content=\"Temps estimat de lectura\" \/>\n\t<meta name=\"twitter:data1\" content=\"8 minuts\" \/>\r\n<script type=\"application\/ld+json\" class=\"yoast-schema-graph\">{\"@context\":\"https:\/\/schema.org\",\"@graph\":[{\"@type\":\"Organization\",\"@id\":\"https:\/\/lqarquitectura.com\/#organization\",\"name\":\"LQ Arquitectura\",\"url\":\"https:\/\/lqarquitectura.com\/\",\"sameAs\":[\"https:\/\/www.instagram.com\/luisquesadaarquitectura\/\"],\"logo\":{\"@type\":\"ImageObject\",\"@id\":\"https:\/\/lqarquitectura.com\/#logo\",\"inLanguage\":\"ca\",\"url\":\"https:\/\/lqarquitectura.com\/wp-content\/uploads\/2021\/11\/Logo_lqarquitectura_ibiza.svg\",\"contentUrl\":\"https:\/\/lqarquitectura.com\/wp-content\/uploads\/2021\/11\/Logo_lqarquitectura_ibiza.svg\",\"caption\":\"LQ Arquitectura\"},\"image\":{\"@id\":\"https:\/\/lqarquitectura.com\/#logo\"}},{\"@type\":\"WebSite\",\"@id\":\"https:\/\/lqarquitectura.com\/#website\",\"url\":\"https:\/\/lqarquitectura.com\/\",\"name\":\"Estudio de arquitectura contempor\\u00e1nea\",\"description\":\"Estudio de arquitectura contempor\\u00e1nea en Ibiza\",\"publisher\":{\"@id\":\"https:\/\/lqarquitectura.com\/#organization\"},\"potentialAction\":[{\"@type\":\"SearchAction\",\"target\":{\"@type\":\"EntryPoint\",\"urlTemplate\":\"https:\/\/lqarquitectura.com\/?s={search_term_string}\"},\"query-input\":\"required name=search_term_string\"}],\"inLanguage\":\"ca\"},{\"@type\":\"WebPage\",\"@id\":\"https:\/\/lqarquitectura.com\/ca\/index.php\/about#webpage\",\"url\":\"https:\/\/lqarquitectura.com\/ca\/index.php\/about\",\"name\":\"About - Estudio de arquitectura contempor\\u00e1nea\",\"isPartOf\":{\"@id\":\"https:\/\/lqarquitectura.com\/#website\"},\"datePublished\":\"2021-09-06T16:41:42+00:00\",\"dateModified\":\"2021-12-21T01:43:34+00:00\",\"breadcrumb\":{\"@id\":\"https:\/\/lqarquitectura.com\/ca\/index.php\/about#breadcrumb\"},\"inLanguage\":\"ca\",\"potentialAction\":[{\"@type\":\"ReadAction\",\"target\":[\"https:\/\/lqarquitectura.com\/ca\/index.php\/about\"]}]},{\"@type\":\"BreadcrumbList\",\"@id\":\"https:\/\/lqarquitectura.com\/ca\/index.php\/about#breadcrumb\",\"itemListElement\":[{\"@type\":\"ListItem\",\"position\":1,\"name\":\"Portada\",\"item\":\"https:\/\/lqarquitectura.com\/ca\"},{\"@type\":\"ListItem\",\"position\":2,\"name\":\"About\"}]}]}<\/script>\r\n<!-- \/ Yoast SEO plugin. -->","yoast_head_json":{"title":"About - Estudio de arquitectura contempor\u00e1nea","robots":{"index":"index","follow":"follow","max-snippet":"max-snippet:-1","max-image-preview":"max-image-preview:large","max-video-preview":"max-video-preview:-1"},"canonical":"https:\/\/lqarquitectura.com\/ca\/index.php\/about","og_locale":"ca_ES","og_type":"article","og_title":"About - Estudio de arquitectura contempor\u00e1nea","og_description":"[vc_row row_height_percent=&#8221;0&#8243; override_padding=&#8221;yes&#8221; h_padding=&#8221;0&#8243; top_padding=&#8221;0&#8243; bottom_padding=&#8221;6&#8243; overlay_alpha=&#8221;50&#8243; gutter_size=&#8221;4&#8243; column_width_percent=&#8221;100&#8243; shift_y=&#8221;0&#8243; z_index=&#8221;0&#8243; enable_top_divider=&#8221;default&#8221; top_divider_inv=&#8221;step_2_3&#8243; shape_top_invert=&#8221;yes&#8221; shape_top_h_use_pixel=&#8221;true&#8221; shape_top_height_percent=&#8221;66&#8243; shape_top_color=&#8221;color-lxmt&#8221; shape_top_opacity=&#8221;100&#8243; shape_top_index=&#8221;0&#8243; uncode_shortcode_id=&#8221;130332&#8243; [&hellip;]","og_url":"https:\/\/lqarquitectura.com\/ca\/index.php\/about","og_site_name":"Estudio de arquitectura contempor\u00e1nea","article_modified_time":"2021-12-21T01:43:34+00:00","twitter_card":"summary_large_image","twitter_misc":{"Temps estimat de lectura":"8 minuts"},"schema":{"@context":"https:\/\/schema.org","@graph":[{"@type":"Organization","@id":"https:\/\/lqarquitectura.com\/#organization","name":"LQ Arquitectura","url":"https:\/\/lqarquitectura.com\/","sameAs":["https:\/\/www.instagram.com\/luisquesadaarquitectura\/"],"logo":{"@type":"ImageObject","@id":"https:\/\/lqarquitectura.com\/#logo","inLanguage":"ca","url":"https:\/\/lqarquitectura.com\/wp-content\/uploads\/2021\/11\/Logo_lqarquitectura_ibiza.svg","contentUrl":"https:\/\/lqarquitectura.com\/wp-content\/uploads\/2021\/11\/Logo_lqarquitectura_ibiza.svg","caption":"LQ Arquitectura"},"image":{"@id":"https:\/\/lqarquitectura.com\/#logo"}},{"@type":"WebSite","@id":"https:\/\/lqarquitectura.com\/#website","url":"https:\/\/lqarquitectura.com\/","name":"Estudio de arquitectura contempor\u00e1nea","description":"Estudio de arquitectura contempor\u00e1nea en Ibiza","publisher":{"@id":"https:\/\/lqarquitectura.com\/#organization"},"potentialAction":[{"@type":"SearchAction","target":{"@type":"EntryPoint","urlTemplate":"https:\/\/lqarquitectura.com\/?s={search_term_string}"},"query-input":"required name=search_term_string"}],"inLanguage":"ca"},{"@type":"WebPage","@id":"https:\/\/lqarquitectura.com\/ca\/index.php\/about#webpage","url":"https:\/\/lqarquitectura.com\/ca\/index.php\/about","name":"About - Estudio de arquitectura contempor\u00e1nea","isPartOf":{"@id":"https:\/\/lqarquitectura.com\/#website"},"datePublished":"2021-09-06T16:41:42+00:00","dateModified":"2021-12-21T01:43:34+00:00","breadcrumb":{"@id":"https:\/\/lqarquitectura.com\/ca\/index.php\/about#breadcrumb"},"inLanguage":"ca","potentialAction":[{"@type":"ReadAction","target":["https:\/\/lqarquitectura.com\/ca\/index.php\/about"]}]},{"@type":"BreadcrumbList","@id":"https:\/\/lqarquitectura.com\/ca\/index.php\/about#breadcrumb","itemListElement":[{"@type":"ListItem","position":1,"name":"Portada","item":"https:\/\/lqarquitectura.com\/ca"},{"@type":"ListItem","position":2,"name":"About"}]}]}},"_links":{"self":[{"href":"https:\/\/lqarquitectura.com\/ca\/index.php\/wp-json\/wp\/v2\/pages\/104859"}],"collection":[{"href":"https:\/\/lqarquitectura.com\/ca\/index.php\/wp-json\/wp\/v2\/pages"}],"about":[{"href":"https:\/\/lqarquitectura.com\/ca\/index.php\/wp-json\/wp\/v2\/types\/page"}],"author":[{"embeddable":true,"href":"https:\/\/lqarquitectura.com\/ca\/index.php\/wp-json\/wp\/v2\/users\/1"}],"replies":[{"embeddable":true,"href":"https:\/\/lqarquitectura.com\/ca\/index.php\/wp-json\/wp\/v2\/comments?post=104859"}],"version-history":[{"count":4,"href":"https:\/\/lqarquitectura.com\/ca\/index.php\/wp-json\/wp\/v2\/pages\/104859\/revisions"}],"predecessor-version":[{"id":104912,"href":"https:\/\/lqarquitectura.com\/ca\/index.php\/wp-json\/wp\/v2\/pages\/104859\/revisions\/104912"}],"wp:attachment":[{"href":"https:\/\/lqarquitectura.com\/ca\/index.php\/wp-json\/wp\/v2\/media?parent=104859"}],"curies":[{"name":"wp","href":"https:\/\/api.w.org\/{rel}","templated":true}]}}