{"id":100941,"date":"2021-09-06T16:41:42","date_gmt":"2021-09-06T16:41:42","guid":{"rendered":"http:\/\/lqarquitectura.com\/?page_id=100941"},"modified":"2022-03-09T18:40:04","modified_gmt":"2022-03-09T18:40:04","slug":"about","status":"publish","type":"page","link":"https:\/\/lqarquitectura.com\/index.php\/about","title":{"rendered":"About"},"content":{"rendered":"<p>[vc_row row_height_percent=\u00bb0&#8243; override_padding=\u00bbyes\u00bb h_padding=\u00bb0&#8243; top_padding=\u00bb0&#8243; bottom_padding=\u00bb6&#8243; overlay_alpha=\u00bb50&#8243; gutter_size=\u00bb4&#8243; column_width_percent=\u00bb100&#8243; shift_y=\u00bb0&#8243; z_index=\u00bb0&#8243; enable_top_divider=\u00bbdefault\u00bb top_divider_inv=\u00bbstep_2_3&#8243; shape_top_invert=\u00bbyes\u00bb shape_top_h_use_pixel=\u00bbtrue\u00bb shape_top_height_percent=\u00bb66&#8243; shape_top_color=\u00bbcolor-lxmt\u00bb shape_top_opacity=\u00bb100&#8243; shape_top_index=\u00bb0&#8243; uncode_shortcode_id=\u00bb130332&#8243; css=\u00bb.vc_custom_1637225756623{padding-right: 10% !important;padding-left: 10% !important;}\u00bb shape_top_color_type=\u00bbuncode-palette\u00bb][vc_column column_width_percent=\u00bb86&#8243; gutter_size=\u00bb0&#8243; overlay_alpha=\u00bb50&#8243; shift_x=\u00bb0&#8243; shift_y=\u00bb0&#8243; shift_y_down=\u00bb0&#8243; z_index=\u00bb0&#8243; medium_width=\u00bb0&#8243; mobile_width=\u00bb0&#8243; width=\u00bb1\/1&#8243; uncode_shortcode_id=\u00bb458052&#8243;][vc_custom_heading text_color=\u00bbaccent\u00bb text_size=\u00bbfontsize-130525&#8243; text_weight=\u00bb400&#8243; text_height=\u00bbfontheight-479835&#8243; css_animation=\u00bbcurtain-words\u00bb animation_speed=\u00bb800&#8243; uncode_shortcode_id=\u00bb158966&#8243; text_color_type=\u00bbuncode-palette\u00bb]Trabajar de t\u00fa a t\u00fa con personas. Verlas y encontrar su espacio. Ese es nuestro motor.[\/vc_custom_heading][\/vc_column][\/vc_row][vc_row unlock_row_content=\u00bbyes\u00bb row_height_percent=\u00bb0&#8243; override_padding=\u00bbyes\u00bb h_padding=\u00bb3&#8243; top_padding=\u00bb5&#8243; bottom_padding=\u00bb5&#8243; overlay_alpha=\u00bb50&#8243; gutter_size=\u00bb4&#8243; column_width_percent=\u00bb100&#8243; shift_y=\u00bb0&#8243; z_index=\u00bb0&#8243; enable_top_divider=\u00bbdefault\u00bb top_divider=\u00bbstep_3_4&#8243; shape_top_h_use_pixel=\u00bbtrue\u00bb shape_top_height_percent=\u00bb100&#8243; shape_top_color=\u00bbcolor-lxmt\u00bb shape_top_opacity=\u00bb100&#8243; shape_top_index=\u00bb0&#8243; uncode_shortcode_id=\u00bb116607&#8243; shape_top_color_type=\u00bbuncode-palette\u00bb shape_dividers=\u00bb\u00bb][vc_column column_width_percent=\u00bb100&#8243; position_vertical=\u00bbmiddle\u00bb gutter_size=\u00bb3&#8243; overlay_alpha=\u00bb50&#8243; shift_x=\u00bb0&#8243; shift_y=\u00bb0&#8243; shift_y_down=\u00bb0&#8243; z_index=\u00bb0&#8243; medium_width=\u00bb2&#8243; mobile_width=\u00bb0&#8243; parallax_intensity=\u00bb5&#8243; width=\u00bb1\/12&#8243; uncode_shortcode_id=\u00bb131797&#8243;][\/vc_column][vc_column column_width_percent=\u00bb100&#8243; gutter_size=\u00bb3&#8243; style=\u00bblight\u00bb overlay_alpha=\u00bb50&#8243; shift_x=\u00bb0&#8243; shift_y=\u00bb0&#8243; shift_y_down=\u00bb0&#8243; z_index=\u00bb0&#8243; medium_width=\u00bb4&#8243; mobile_width=\u00bb0&#8243; parallax_intensity=\u00bb3&#8243; parallax_centered=\u00bbyes\u00bb width=\u00bb5\/12&#8243; uncode_shortcode_id=\u00bb177495&#8243;][vc_single_image media=\u00bb105025&#8243; media_width_percent=\u00bb100&#8243; uncode_shortcode_id=\u00bb109981&#8243;][uncode_vertical_text text_align=\u00bbtop\u00bb position=\u00bbright\u00bb flip=\u00bbyes\u00bb vertical_text_h_pos=\u00bb2&#8243; vertical_text_v_pos=\u00bb0&#8243; z_index=\u00bb0&#8243; uncode_shortcode_id=\u00bb103141&#8243;]New Office \u2e3b[\/uncode_vertical_text][\/vc_column][vc_column column_width_percent=\u00bb100&#8243; position_vertical=\u00bbmiddle\u00bb gutter_size=\u00bb3&#8243; overlay_alpha=\u00bb50&#8243; shift_x=\u00bb0&#8243; shift_y=\u00bb0&#8243; shift_y_down=\u00bb0&#8243; z_index=\u00bb0&#8243; medium_width=\u00bb2&#8243; mobile_width=\u00bb0&#8243; parallax_intensity=\u00bb2&#8243; parallax_centered=\u00bbyes\u00bb width=\u00bb6\/12&#8243; uncode_shortcode_id=\u00bb144856&#8243;][vc_single_image media=\u00bb105019&#8243; media_width_percent=\u00bb100&#8243; uncode_shortcode_id=\u00bb112861&#8243;][\/vc_column][\/vc_row][vc_row row_height_percent=\u00bb0&#8243; override_padding=\u00bbyes\u00bb h_padding=\u00bb2&#8243; top_padding=\u00bb2&#8243; bottom_padding=\u00bb3&#8243; overlay_alpha=\u00bb50&#8243; gutter_size=\u00bb4&#8243; column_width_percent=\u00bb100&#8243; shift_y=\u00bb0&#8243; z_index=\u00bb0&#8243; uncode_shortcode_id=\u00bb207819&#8243;][vc_column column_width_percent=\u00bb100&#8243; gutter_size=\u00bb3&#8243; overlay_alpha=\u00bb50&#8243; shift_x=\u00bb0&#8243; shift_y=\u00bb0&#8243; shift_y_down=\u00bb0&#8243; z_index=\u00bb0&#8243; medium_visibility=\u00bbyes\u00bb medium_width=\u00bb0&#8243; mobile_visibility=\u00bbyes\u00bb mobile_width=\u00bb0&#8243; width=\u00bb3\/12&#8243; uncode_shortcode_id=\u00bb811114&#8243;][\/vc_column][vc_column column_width_percent=\u00bb100&#8243; gutter_size=\u00bb3&#8243; font_family=\u00bbfont-175345&#8243; overlay_alpha=\u00bb50&#8243; shift_x=\u00bb0&#8243; shift_y=\u00bb0&#8243; shift_y_down=\u00bb0&#8243; z_index=\u00bb0&#8243; medium_width=\u00bb0&#8243; mobile_width=\u00bb0&#8243; width=\u00bb6\/12&#8243; uncode_shortcode_id=\u00bb151687&#8243;][vc_custom_heading text_color=\u00bbcolor-jevc\u00bb text_size=\u00bbh3&#8243; text_height=\u00bbfontheight-479835&#8243; uncode_shortcode_id=\u00bb145863&#8243; text_color_type=\u00bbuncode-palette\u00bb]Nuestra historia[\/vc_custom_heading][vc_column_text uncode_shortcode_id=\u00bb134835&#8243;]LQ ARQUITECTURA nace de una relaci\u00f3n laboral de hace 6 a\u00f1os entre los arquitectos Luis Quesada Salcedo y Anna Fern\u00e1ndez Abell\u00f3, formando parte del anterior estudio en Ibiza, MIXISARQUITECTOS, del que el primero fue socio cofundador. Desde esta plataforma han ejercido su profesi\u00f3n compartiendo sus valores de honestidad y sensibilidad por la arquitectura. Estos valores, junto a muchos otros, los han unido para compartir una nueva etapa de la mano de un equipo de colaboradores multidisciplinar, que nos permite continuar el desarrollo de nuestra profesi\u00f3n con la serenidad y el equilibrio adquiridos en estos \u00faltimos a\u00f1os, buscando una arquitectura m\u00e1s sostenible y acorde con las necesidades de nuestros clientes, con los que desarrollamos una empat\u00eda que nos permite comprenderlos.[\/vc_column_text][\/vc_column][vc_column column_width_percent=\u00bb100&#8243; gutter_size=\u00bb3&#8243; overlay_alpha=\u00bb50&#8243; shift_x=\u00bb0&#8243; shift_y=\u00bb0&#8243; shift_y_down=\u00bb0&#8243; z_index=\u00bb0&#8243; medium_visibility=\u00bbyes\u00bb medium_width=\u00bb0&#8243; mobile_visibility=\u00bbyes\u00bb mobile_width=\u00bb0&#8243; width=\u00bb3\/12&#8243; uncode_shortcode_id=\u00bb151921&#8243;][\/vc_column][\/vc_row][vc_row row_height_percent=\u00bb0&#8243; override_padding=\u00bbyes\u00bb h_padding=\u00bb0&#8243; top_padding=\u00bb5&#8243; bottom_padding=\u00bb0&#8243; overlay_alpha=\u00bb50&#8243; gutter_size=\u00bb4&#8243; column_width_percent=\u00bb100&#8243; shift_y=\u00bb0&#8243; z_index=\u00bb0&#8243; enable_top_divider=\u00bbdefault\u00bb top_divider=\u00bbstep_3_4&#8243; shape_top_flip=\u00bbyes\u00bb shape_top_h_use_pixel=\u00bbtrue\u00bb shape_top_height_percent=\u00bb100&#8243; shape_top_color=\u00bbcolor-lxmt\u00bb shape_top_opacity=\u00bb100&#8243; shape_top_index=\u00bb0&#8243; uncode_shortcode_id=\u00bb180825&#8243; css=\u00bb.vc_custom_1637108256728{padding-right: 5% !important;padding-left: 10% !important;}\u00bb shape_top_color_type=\u00bbuncode-palette\u00bb][vc_column column_width_percent=\u00bb85&#8243; gutter_size=\u00bb3&#8243; override_padding=\u00bbyes\u00bb column_padding=\u00bb0&#8243; overlay_alpha=\u00bb50&#8243; shift_x=\u00bb0&#8243; shift_y=\u00bb0&#8243; shift_y_down=\u00bb0&#8243; z_index=\u00bb0&#8243; medium_width=\u00bb4&#8243; mobile_width=\u00bb0&#8243; parallax_intensity=\u00bb2&#8243; width=\u00bb7\/12&#8243; uncode_shortcode_id=\u00bb101326&#8243;][vc_custom_heading text_color=\u00bbcolor-rgdb\u00bb heading_semantic=\u00bbh6&#8243; text_size=\u00bbbigtext\u00bb text_weight=\u00bb300&#8243; text_height=\u00bbfontheight-179065&#8243; css_animation=\u00bbsingle-slide-opposite\u00bb animation_speed=\u00bb200&#8243; uncode_shortcode_id=\u00bb348873&#8243; text_color_type=\u00bbuncode-palette\u00bb]IBIZA&amp;BARCELONA[\/vc_custom_heading][\/vc_column][\/vc_row][vc_row row_height_percent=\u00bb0&#8243; override_padding=\u00bbyes\u00bb h_padding=\u00bb4&#8243; top_padding=\u00bb5&#8243; bottom_padding=\u00bb5&#8243; overlay_alpha=\u00bb50&#8243; gutter_size=\u00bb4&#8243; column_width_percent=\u00bb100&#8243; shift_y=\u00bb0&#8243; z_index=\u00bb0&#8243; enable_top_divider=\u00bbdefault\u00bb top_divider=\u00bbstep_3_4&#8243; shape_top_flip=\u00bbyes\u00bb shape_top_h_use_pixel=\u00bbtrue\u00bb shape_top_height_percent=\u00bb100&#8243; shape_top_color=\u00bbcolor-lxmt\u00bb shape_top_opacity=\u00bb100&#8243; shape_top_index=\u00bb0&#8243; uncode_shortcode_id=\u00bb685135&#8243; css=\u00bb.vc_custom_1637108265960{padding-right: 5% !important;padding-left: 10% !important;}\u00bb shape_top_color_type=\u00bbuncode-palette\u00bb][vc_column column_width_percent=\u00bb100&#8243; gutter_size=\u00bb3&#8243; overlay_alpha=\u00bb50&#8243; shift_x=\u00bb0&#8243; shift_y=\u00bb0&#8243; shift_y_down=\u00bb0&#8243; z_index=\u00bb0&#8243; medium_width=\u00bb4&#8243; mobile_width=\u00bb0&#8243; parallax_intensity=\u00bb2&#8243; width=\u00bb7\/12&#8243; uncode_shortcode_id=\u00bb127041&#8243;][vc_single_image media=\u00bb101582&#8243; media_width_percent=\u00bb100&#8243; media_ratio=\u00bbone-one\u00bb uncode_shortcode_id=\u00bb448587&#8243;][uncode_vertical_text text_align=\u00bbtop\u00bb vertical_text_h_pos=\u00bb-2&#8243; vertical_text_v_pos=\u00bb0&#8243; z_index=\u00bb0&#8243; uncode_shortcode_id=\u00bb273123&#8243;]Luis Quesada \u2e3b[\/uncode_vertical_text][\/vc_column][vc_column column_width_percent=\u00bb100&#8243; position_vertical=\u00bbmiddle\u00bb gutter_size=\u00bb3&#8243; overlay_alpha=\u00bb50&#8243; shift_x=\u00bb3&#8243; shift_y=\u00bb3&#8243; shift_y_down=\u00bb0&#8243; z_index=\u00bb0&#8243; medium_width=\u00bb4&#8243; mobile_width=\u00bb0&#8243; parallax_intensity=\u00bb5&#8243; width=\u00bb5\/12&#8243; uncode_shortcode_id=\u00bb183962&#8243;][uncode_vertical_text text_align=\u00bbtop\u00bb vertical_text_h_pos=\u00bb-2&#8243; vertical_text_v_pos=\u00bb0&#8243; z_index=\u00bb0&#8243; uncode_shortcode_id=\u00bb571181&#8243;]Anna Abell\u00f3 \u2e3b[\/uncode_vertical_text][vc_single_image media=\u00bb101431&#8243; media_width_percent=\u00bb100&#8243; uncode_shortcode_id=\u00bb156024&#8243;][\/vc_column][\/vc_row][vc_row row_height_percent=\u00bb0&#8243; override_padding=\u00bbyes\u00bb h_padding=\u00bb2&#8243; top_padding=\u00bb3&#8243; bottom_padding=\u00bb0&#8243; overlay_alpha=\u00bb50&#8243; gutter_size=\u00bb4&#8243; column_width_percent=\u00bb100&#8243; shift_y=\u00bb0&#8243; z_index=\u00bb0&#8243; uncode_shortcode_id=\u00bb696737&#8243;][vc_column column_width_percent=\u00bb100&#8243; gutter_size=\u00bb3&#8243; overlay_alpha=\u00bb50&#8243; shift_x=\u00bb0&#8243; shift_y=\u00bb0&#8243; shift_y_down=\u00bb0&#8243; z_index=\u00bb0&#8243; medium_visibility=\u00bbyes\u00bb medium_width=\u00bb0&#8243; mobile_visibility=\u00bbyes\u00bb mobile_width=\u00bb0&#8243; width=\u00bb3\/12&#8243; uncode_shortcode_id=\u00bb204704&#8243;][vc_single_image media=\u00bb101617&#8243; media_width_percent=\u00bb30&#8243; alignment=\u00bbright\u00bb uncode_shortcode_id=\u00bb413899&#8243;][\/vc_column][vc_column column_width_percent=\u00bb100&#8243; gutter_size=\u00bb3&#8243; font_family=\u00bbfont-175345&#8243; overlay_alpha=\u00bb50&#8243; shift_x=\u00bb0&#8243; shift_y=\u00bb0&#8243; shift_y_down=\u00bb0&#8243; z_index=\u00bb0&#8243; medium_width=\u00bb0&#8243; mobile_width=\u00bb0&#8243; width=\u00bb6\/12&#8243; uncode_shortcode_id=\u00bb101117&#8243;][vc_column_text uncode_shortcode_id=\u00bb162588&#8243;]<strong>Luis Quesada Salcedo<\/strong>, arquitecto por la ETSAG de Granada, completando su formaci\u00f3n en la Universidad de Sevilla y Florencia. Se traslada a Ibiza en 2005-2006 y comienza a colaborar para un estudio local. Durante 8 a\u00f1os forma parte del Departamento de Visado del Colegio de Arquitectos de Ibiza y Formentera, los \u00faltimos como jefe de visado, compaginando el cargo con el desarrollo independiente de la profesi\u00f3n hasta fundar en 2010 la oficina de Arquitectura MIXISARQUITECTOS junto a David Calvo Cubero. En 2021 comienza una nueva y emocionante etapa en colaboraci\u00f3n con Anna Fern\u00e1ndez Abell\u00f3 dentro de la plataforma LQARQUITECTURA.[\/vc_column_text][\/vc_column][vc_column column_width_percent=\u00bb100&#8243; gutter_size=\u00bb3&#8243; overlay_alpha=\u00bb50&#8243; shift_x=\u00bb0&#8243; shift_y=\u00bb0&#8243; shift_y_down=\u00bb0&#8243; z_index=\u00bb0&#8243; medium_visibility=\u00bbyes\u00bb medium_width=\u00bb0&#8243; mobile_visibility=\u00bbyes\u00bb mobile_width=\u00bb0&#8243; width=\u00bb3\/12&#8243; uncode_shortcode_id=\u00bb627550&#8243;][\/vc_column][\/vc_row][vc_row row_height_percent=\u00bb0&#8243; override_padding=\u00bbyes\u00bb h_padding=\u00bb2&#8243; top_padding=\u00bb3&#8243; bottom_padding=\u00bb7&#8243; overlay_alpha=\u00bb50&#8243; gutter_size=\u00bb4&#8243; column_width_percent=\u00bb100&#8243; shift_y=\u00bb0&#8243; z_index=\u00bb0&#8243; top_divider=\u00bbstep_1_2&#8243; bottom_divider=\u00bbstep_1_2&#8243; uncode_shortcode_id=\u00bb201773&#8243;][vc_column column_width_percent=\u00bb100&#8243; gutter_size=\u00bb0&#8243; overlay_alpha=\u00bb50&#8243; shift_x=\u00bb0&#8243; shift_y=\u00bb0&#8243; shift_y_down=\u00bb0&#8243; z_index=\u00bb0&#8243; medium_visibility=\u00bbyes\u00bb medium_width=\u00bb0&#8243; mobile_visibility=\u00bbyes\u00bb mobile_width=\u00bb0&#8243; width=\u00bb3\/12&#8243; uncode_shortcode_id=\u00bb101488&#8243;][vc_single_image media=\u00bb101585&#8243; media_width_percent=\u00bb34&#8243; alignment=\u00bbright\u00bb uncode_shortcode_id=\u00bb983000&#8243;][\/vc_column][vc_column column_width_percent=\u00bb100&#8243; gutter_size=\u00bb3&#8243; font_family=\u00bbfont-175345&#8243; overlay_alpha=\u00bb50&#8243; shift_x=\u00bb0&#8243; shift_y=\u00bb0&#8243; shift_y_down=\u00bb0&#8243; z_index=\u00bb0&#8243; medium_width=\u00bb0&#8243; mobile_width=\u00bb0&#8243; width=\u00bb6\/12&#8243; uncode_shortcode_id=\u00bb101117&#8243;][vc_column_text uncode_shortcode_id=\u00bb193349&#8243;]<strong>Anna Fern\u00e1ndez Abell\u00f3<\/strong>, arquitecta por la ETSAV Universitat Polit\u00e8cnica de Catalunya complet\u00f3 su formaci\u00f3n en la Universidad de Roma La Sapienza y con la Beca UPC-Santander Iberoam\u00e9rica.<br \/>\nDesde 2012 trabaja entre Barcelona e Ibiza. En 2016 empieza a colaborar con Mixis Arquitectos. Actualmente lleva las riendas de los proyectos que comparte con LQARQUITECTURA en Barcelona.[\/vc_column_text][\/vc_column][vc_column column_width_percent=\u00bb100&#8243; gutter_size=\u00bb3&#8243; overlay_alpha=\u00bb50&#8243; shift_x=\u00bb0&#8243; shift_y=\u00bb0&#8243; shift_y_down=\u00bb0&#8243; z_index=\u00bb0&#8243; medium_visibility=\u00bbyes\u00bb medium_width=\u00bb0&#8243; mobile_visibility=\u00bbyes\u00bb mobile_width=\u00bb0&#8243; width=\u00bb3\/12&#8243; uncode_shortcode_id=\u00bb627550&#8243;][\/vc_column][\/vc_row][vc_row row_height_percent=\u00bb0&#8243; overlay_alpha=\u00bb0&#8243; gutter_size=\u00bb3&#8243; column_width_percent=\u00bb100&#8243; shift_y=\u00bb0&#8243; z_index=\u00bb0&#8243; uncode_shortcode_id=\u00bb745793&#8243; css=\u00bb.vc_custom_1637197473470{padding-right: 3% !important;padding-left: 3% !important;}\u00bb][vc_column column_width_use_pixel=\u00bbyes\u00bb position_vertical=\u00bbmiddle\u00bb align_horizontal=\u00bbalign_center\u00bb gutter_size=\u00bb3&#8243; overlay_alpha=\u00bb50&#8243; shift_x=\u00bb0&#8243; shift_y=\u00bb0&#8243; shift_y_down=\u00bb0&#8243; z_index=\u00bb0&#8243; medium_width=\u00bb0&#8243; mobile_width=\u00bb0&#8243; width=\u00bb1\/1&#8243; column_width_pixel=\u00bb760&#8243; uncode_shortcode_id=\u00bb167068&#8243; css=\u00bb.vc_custom_1637058708822{padding-right: 3% !important;padding-left: 3% !important;}\u00bb][uncode_vertical_text element_type=\u00bbsocial\u00bb fixed=\u00bbyes\u00bb text_align=\u00bbbottom\u00bb vertical_text_h_pos=\u00bb2&#8243; vertical_text_v_pos=\u00bb1&#8243; socials_size=\u00bblead\u00bb hide_on_bottom=\u00bbyes\u00bb hide_header=\u00bbyes\u00bb uncode_shortcode_id=\u00bb199853&#8243;]Luis Quesada[\/uncode_vertical_text][uncode_vertical_text fixed=\u00bbyes\u00bb text_align=\u00bbbottom\u00bb position=\u00bbright\u00bb flip=\u00bbyes\u00bb vertical_text_h_pos=\u00bb-2&#8243; vertical_text_v_pos=\u00bb1&#8243; text_size=\u00bbh5&#8243; text_weight=\u00bb600&#8243; text_color=\u00bbaccent\u00bb hide_on_bottom=\u00bbyes\u00bb uncode_shortcode_id=\u00bb135363&#8243; text_color_type=\u00bbuncode-palette\u00bb]Arquitectura contempor\u00e1nea[\/uncode_vertical_text][\/vc_column][\/vc_row]<\/p>\n","protected":false},"excerpt":{"rendered":"<p>[vc_row row_height_percent=\u00bb0&#8243; override_padding=\u00bbyes\u00bb h_padding=\u00bb0&#8243; top_padding=\u00bb0&#8243; bottom_padding=\u00bb6&#8243; overlay_alpha=\u00bb50&#8243; gutter_size=\u00bb4&#8243; column_width_percent=\u00bb100&#8243; shift_y=\u00bb0&#8243; z_index=\u00bb0&#8243; enable_top_divider=\u00bbdefault\u00bb top_divider_inv=\u00bbstep_2_3&#8243; shape_top_invert=\u00bbyes\u00bb shape_top_h_use_pixel=\u00bbtrue\u00bb shape_top_height_percent=\u00bb66&#8243; shape_top_color=\u00bbcolor-lxmt\u00bb shape_top_opacity=\u00bb100&#8243; shape_top_index=\u00bb0&#8243; uncode_shortcode_id=\u00bb130332&#8243; [&hellip;]<\/p>\n","protected":false},"author":1,"featured_media":0,"parent":0,"menu_order":0,"comment_status":"closed","ping_status":"closed","template":"","meta":[],"yoast_head":"<!-- This site is optimized with the Yoast SEO plugin v17.9 - https:\/\/yoast.com\/wordpress\/plugins\/seo\/ -->\r\n<title>About - Estudio de arquitectura contempor\u00e1nea<\/title>\r\n<meta name=\"robots\" content=\"index, follow, max-snippet:-1, max-image-preview:large, max-video-preview:-1\" \/>\r\n<link rel=\"canonical\" href=\"https:\/\/lqarquitectura.com\/index.php\/about\" \/>\r\n<meta property=\"og:locale\" content=\"es_ES\" \/>\r\n<meta property=\"og:type\" content=\"article\" \/>\r\n<meta property=\"og:title\" content=\"About - Estudio de arquitectura contempor\u00e1nea\" \/>\r\n<meta property=\"og:description\" content=\"[vc_row row_height_percent=\u00bb0&#8243; override_padding=\u00bbyes\u00bb h_padding=\u00bb0&#8243; top_padding=\u00bb0&#8243; bottom_padding=\u00bb6&#8243; overlay_alpha=\u00bb50&#8243; gutter_size=\u00bb4&#8243; column_width_percent=\u00bb100&#8243; shift_y=\u00bb0&#8243; z_index=\u00bb0&#8243; enable_top_divider=\u00bbdefault\u00bb top_divider_inv=\u00bbstep_2_3&#8243; shape_top_invert=\u00bbyes\u00bb shape_top_h_use_pixel=\u00bbtrue\u00bb shape_top_height_percent=\u00bb66&#8243; shape_top_color=\u00bbcolor-lxmt\u00bb shape_top_opacity=\u00bb100&#8243; shape_top_index=\u00bb0&#8243; uncode_shortcode_id=\u00bb130332&#8243; [&hellip;]\" \/>\r\n<meta property=\"og:url\" content=\"https:\/\/lqarquitectura.com\/index.php\/about\" \/>\r\n<meta property=\"og:site_name\" content=\"Estudio de arquitectura contempor\u00e1nea\" \/>\r\n<meta property=\"article:modified_time\" content=\"2022-03-09T18:40:04+00:00\" \/>\r\n<meta name=\"twitter:card\" content=\"summary_large_image\" \/>\r\n<meta name=\"twitter:label1\" content=\"Tiempo de lectura\" \/>\n\t<meta name=\"twitter:data1\" content=\"8 minutos\" \/>\r\n<script type=\"application\/ld+json\" class=\"yoast-schema-graph\">{\"@context\":\"https:\/\/schema.org\",\"@graph\":[{\"@type\":\"Organization\",\"@id\":\"https:\/\/lqarquitectura.com\/#organization\",\"name\":\"LQ Arquitectura\",\"url\":\"https:\/\/lqarquitectura.com\/\",\"sameAs\":[\"https:\/\/www.instagram.com\/luisquesadaarquitectura\/\"],\"logo\":{\"@type\":\"ImageObject\",\"@id\":\"https:\/\/lqarquitectura.com\/#logo\",\"inLanguage\":\"es\",\"url\":\"https:\/\/lqarquitectura.com\/wp-content\/uploads\/2021\/11\/Logo_lqarquitectura_ibiza.svg\",\"contentUrl\":\"https:\/\/lqarquitectura.com\/wp-content\/uploads\/2021\/11\/Logo_lqarquitectura_ibiza.svg\",\"caption\":\"LQ Arquitectura\"},\"image\":{\"@id\":\"https:\/\/lqarquitectura.com\/#logo\"}},{\"@type\":\"WebSite\",\"@id\":\"https:\/\/lqarquitectura.com\/#website\",\"url\":\"https:\/\/lqarquitectura.com\/\",\"name\":\"Estudio de arquitectura contempor\\u00e1nea\",\"description\":\"Estudio de arquitectura contempor\\u00e1nea en Ibiza\",\"publisher\":{\"@id\":\"https:\/\/lqarquitectura.com\/#organization\"},\"potentialAction\":[{\"@type\":\"SearchAction\",\"target\":{\"@type\":\"EntryPoint\",\"urlTemplate\":\"https:\/\/lqarquitectura.com\/?s={search_term_string}\"},\"query-input\":\"required name=search_term_string\"}],\"inLanguage\":\"es\"},{\"@type\":\"WebPage\",\"@id\":\"https:\/\/lqarquitectura.com\/index.php\/about#webpage\",\"url\":\"https:\/\/lqarquitectura.com\/index.php\/about\",\"name\":\"About - Estudio de arquitectura contempor\\u00e1nea\",\"isPartOf\":{\"@id\":\"https:\/\/lqarquitectura.com\/#website\"},\"datePublished\":\"2021-09-06T16:41:42+00:00\",\"dateModified\":\"2022-03-09T18:40:04+00:00\",\"breadcrumb\":{\"@id\":\"https:\/\/lqarquitectura.com\/index.php\/about#breadcrumb\"},\"inLanguage\":\"es\",\"potentialAction\":[{\"@type\":\"ReadAction\",\"target\":[\"https:\/\/lqarquitectura.com\/index.php\/about\"]}]},{\"@type\":\"BreadcrumbList\",\"@id\":\"https:\/\/lqarquitectura.com\/index.php\/about#breadcrumb\",\"itemListElement\":[{\"@type\":\"ListItem\",\"position\":1,\"name\":\"Portada\",\"item\":\"https:\/\/lqarquitectura.com\/\"},{\"@type\":\"ListItem\",\"position\":2,\"name\":\"About\"}]}]}<\/script>\r\n<!-- \/ Yoast SEO plugin. -->","yoast_head_json":{"title":"About - Estudio de arquitectura contempor\u00e1nea","robots":{"index":"index","follow":"follow","max-snippet":"max-snippet:-1","max-image-preview":"max-image-preview:large","max-video-preview":"max-video-preview:-1"},"canonical":"https:\/\/lqarquitectura.com\/index.php\/about","og_locale":"es_ES","og_type":"article","og_title":"About - Estudio de arquitectura contempor\u00e1nea","og_description":"[vc_row row_height_percent=\u00bb0&#8243; override_padding=\u00bbyes\u00bb h_padding=\u00bb0&#8243; top_padding=\u00bb0&#8243; bottom_padding=\u00bb6&#8243; overlay_alpha=\u00bb50&#8243; gutter_size=\u00bb4&#8243; column_width_percent=\u00bb100&#8243; shift_y=\u00bb0&#8243; z_index=\u00bb0&#8243; enable_top_divider=\u00bbdefault\u00bb top_divider_inv=\u00bbstep_2_3&#8243; shape_top_invert=\u00bbyes\u00bb shape_top_h_use_pixel=\u00bbtrue\u00bb shape_top_height_percent=\u00bb66&#8243; shape_top_color=\u00bbcolor-lxmt\u00bb shape_top_opacity=\u00bb100&#8243; shape_top_index=\u00bb0&#8243; uncode_shortcode_id=\u00bb130332&#8243; [&hellip;]","og_url":"https:\/\/lqarquitectura.com\/index.php\/about","og_site_name":"Estudio de arquitectura contempor\u00e1nea","article_modified_time":"2022-03-09T18:40:04+00:00","twitter_card":"summary_large_image","twitter_misc":{"Tiempo de lectura":"8 minutos"},"schema":{"@context":"https:\/\/schema.org","@graph":[{"@type":"Organization","@id":"https:\/\/lqarquitectura.com\/#organization","name":"LQ Arquitectura","url":"https:\/\/lqarquitectura.com\/","sameAs":["https:\/\/www.instagram.com\/luisquesadaarquitectura\/"],"logo":{"@type":"ImageObject","@id":"https:\/\/lqarquitectura.com\/#logo","inLanguage":"es","url":"https:\/\/lqarquitectura.com\/wp-content\/uploads\/2021\/11\/Logo_lqarquitectura_ibiza.svg","contentUrl":"https:\/\/lqarquitectura.com\/wp-content\/uploads\/2021\/11\/Logo_lqarquitectura_ibiza.svg","caption":"LQ Arquitectura"},"image":{"@id":"https:\/\/lqarquitectura.com\/#logo"}},{"@type":"WebSite","@id":"https:\/\/lqarquitectura.com\/#website","url":"https:\/\/lqarquitectura.com\/","name":"Estudio de arquitectura contempor\u00e1nea","description":"Estudio de arquitectura contempor\u00e1nea en Ibiza","publisher":{"@id":"https:\/\/lqarquitectura.com\/#organization"},"potentialAction":[{"@type":"SearchAction","target":{"@type":"EntryPoint","urlTemplate":"https:\/\/lqarquitectura.com\/?s={search_term_string}"},"query-input":"required name=search_term_string"}],"inLanguage":"es"},{"@type":"WebPage","@id":"https:\/\/lqarquitectura.com\/index.php\/about#webpage","url":"https:\/\/lqarquitectura.com\/index.php\/about","name":"About - Estudio de arquitectura contempor\u00e1nea","isPartOf":{"@id":"https:\/\/lqarquitectura.com\/#website"},"datePublished":"2021-09-06T16:41:42+00:00","dateModified":"2022-03-09T18:40:04+00:00","breadcrumb":{"@id":"https:\/\/lqarquitectura.com\/index.php\/about#breadcrumb"},"inLanguage":"es","potentialAction":[{"@type":"ReadAction","target":["https:\/\/lqarquitectura.com\/index.php\/about"]}]},{"@type":"BreadcrumbList","@id":"https:\/\/lqarquitectura.com\/index.php\/about#breadcrumb","itemListElement":[{"@type":"ListItem","position":1,"name":"Portada","item":"https:\/\/lqarquitectura.com\/"},{"@type":"ListItem","position":2,"name":"About"}]}]}},"_links":{"self":[{"href":"https:\/\/lqarquitectura.com\/index.php\/wp-json\/wp\/v2\/pages\/100941"}],"collection":[{"href":"https:\/\/lqarquitectura.com\/index.php\/wp-json\/wp\/v2\/pages"}],"about":[{"href":"https:\/\/lqarquitectura.com\/index.php\/wp-json\/wp\/v2\/types\/page"}],"author":[{"embeddable":true,"href":"https:\/\/lqarquitectura.com\/index.php\/wp-json\/wp\/v2\/users\/1"}],"replies":[{"embeddable":true,"href":"https:\/\/lqarquitectura.com\/index.php\/wp-json\/wp\/v2\/comments?post=100941"}],"version-history":[{"count":33,"href":"https:\/\/lqarquitectura.com\/index.php\/wp-json\/wp\/v2\/pages\/100941\/revisions"}],"predecessor-version":[{"id":105031,"href":"https:\/\/lqarquitectura.com\/index.php\/wp-json\/wp\/v2\/pages\/100941\/revisions\/105031"}],"wp:attachment":[{"href":"https:\/\/lqarquitectura.com\/index.php\/wp-json\/wp\/v2\/media?parent=100941"}],"curies":[{"name":"wp","href":"https:\/\/api.w.org\/{rel}","templated":true}]}}